{"id":16,"date":"2014-03-14T16:11:15","date_gmt":"2014-03-14T16:11:15","guid":{"rendered":"http:\/\/blackdevelopers.net\/?page_id=16"},"modified":"2021-02-01T09:11:16","modified_gmt":"2021-02-01T08:11:16","slug":"terms-of-service","status":"publish","type":"page","link":"https:\/\/blackdevelopers.net\/?page_id=16","title":{"rendered":"Terms of Service"},"content":{"rendered":"<p><strong>Requirements:<\/strong><\/p>\n<p>Our Android apps requires system version 4.1 or higher. Our iOS apps requires version 8.0 or higher. We don&#8217;t work with other operative systems at this moment.<\/p>\n<p>At this moment all our apps are FREE, with advertisement. However you can buy NoAds versions (without advertisement) for a minimum price. For European people, Google Play will already include VAT in al the prices.<\/p>\n<p>If your country laws disallow the usage of any of our apps then you are not allowed to use that app. Please let me know in that case and I will ban your country for that app. No problem.<\/p>\n<p><strong>Refunds:<\/strong><\/p>\n<p>Refunds are not allowed by default, unless you tell me that there is a special local law that forces me to do it, or unless you contact me and you tell me a good reason for it.<\/p>\n<p><strong>Contact:<\/strong><\/p>\n<p>Please only use email to contact us. This is the contact email for general purpose issues: <a href=\"mailto:admin@blackdtools.com\">admin@blackdtools.com<\/a><\/p>\n<p>For very technical issues you still can contact Daniel at <a href=\"mailto:daniel@blackdtools.com\">daniel@blackdtools.com<\/a><\/p>\n<p><strong>Privacy Policy:<\/strong><\/p>\n<p>We are not interested in your personal information, really. Only some cookies -we are forced by Google in order to show ads. Anyways you should not worry about your privacy here. <a href=\"https:\/\/blackdevelopers.net\/?page_id=103\">You can read more here<\/a><\/p>\n<p><strong>Cookies:<\/strong><\/p>\n<p>Only required to display Google AdMob advertisement in our free apps. <a href=\"https:\/\/blackdevelopers.net\/?page_id=103\">Read more<\/a><\/p>\n<p><strong>Copyright:<\/strong><\/p>\n<p>This site and\u00a0 apps here are copyrighted by Sonia Fern\u00e1ndez del Saz. All rights reserved.<br \/>\nLegal id is ES47281441L. Legal address: Villavaliente 13 bajo 4, 28011, Madrid, Spain.<\/p>\n<p><strong>Special copyright permissions:<\/strong><\/p>\n<p>Daniel Pe\u00f1a V\u00e1zquez is still recognized as the main developer and maintaner of all the apps here. You still can contact Daniel Pe\u00f1a V\u00e1zquez. He is still allowed to publish and represent our apps. He is allowed to list our free apps in the Samsung Galaxy Store. And he still can give support if needed. His email: <a href=\"mailto:daniel@blackdtools.com\">daniel@blackdtools.com<\/a><\/p>\n","protected":false},"excerpt":{"rendered":"<p>Requirements: Our Android apps requires system version 4.1 or higher. Our iOS apps requires version 8.0 or higher. We don&#8217;t work with other operative systems at this moment. At this moment all our apps are FREE, with advertisement. However you can buy NoAds versions (without advertisement) for a minimum price. For European people, Google Play &hellip; <a href=\"https:\/\/blackdevelopers.net\/?page_id=16\" class=\"more-link\">Continue reading <span class=\"screen-reader-text\">Terms of Service<\/span> <span class=\"meta-nav\">&rarr;<\/span><\/a><\/p>\n","protected":false},"author":1,"featured_media":0,"parent":0,"menu_order":4,"comment_status":"closed","ping_status":"closed","template":"","meta":{"footnotes":""},"class_list":["post-16","page","type-page","status-publish","hentry"],"_links":{"self":[{"href":"https:\/\/blackdevelopers.net\/index.php?rest_route=\/wp\/v2\/pages\/16","targetHints":{"allow":["GET"]}}],"collection":[{"href":"https:\/\/blackdevelopers.net\/index.php?rest_route=\/wp\/v2\/pages"}],"about":[{"href":"https:\/\/blackdevelopers.net\/index.php?rest_route=\/wp\/v2\/types\/page"}],"author":[{"embeddable":true,"href":"https:\/\/blackdevelopers.net\/index.php?rest_route=\/wp\/v2\/users\/1"}],"replies":[{"embeddable":true,"href":"https:\/\/blackdevelopers.net\/index.php?rest_route=%2Fwp%2Fv2%2Fcomments&post=16"}],"version-history":[{"count":18,"href":"https:\/\/blackdevelopers.net\/index.php?rest_route=\/wp\/v2\/pages\/16\/revisions"}],"predecessor-version":[{"id":471,"href":"https:\/\/blackdevelopers.net\/index.php?rest_route=\/wp\/v2\/pages\/16\/revisions\/471"}],"wp:attachment":[{"href":"https:\/\/blackdevelopers.net\/index.php?rest_route=%2Fwp%2Fv2%2Fmedia&parent=16"}],"curies":[{"name":"wp","href":"https:\/\/api.w.org\/{rel}","templated":true}]}}